{"id":22,"date":"2024-10-31T09:36:54","date_gmt":"2024-10-31T09:36:54","guid":{"rendered":"https:\/\/headlesschicken.pro\/?page_id=22"},"modified":"2024-11-28T15:11:58","modified_gmt":"2024-11-28T15:11:58","slug":"history","status":"publish","type":"page","link":"https:\/\/headlesschicken.pro\/de\/history\/","title":{"rendered":"Geschichte"},"content":{"rendered":"<div class=\"wp-block-cover alignfull is-light has-text-color\" style=\"color:#422f01;margin-top:0;margin-bottom:0;padding-top:120px;padding-right:0;padding-bottom:0px;padding-left:0;min-height:50px;aspect-ratio:unset;\"><span aria-hidden=\"true\" class=\"wp-block-cover__background has-background-dim-0 has-background-dim\" style=\"background-color:#ffdf92\"><\/span><img loading=\"lazy\" decoding=\"async\" width=\"1878\" height=\"1056\" class=\"wp-block-cover__image-background wp-image-65\" alt=\"\" src=\"https:\/\/headlesschicken.pro\/wp-content\/uploads\/2024\/10\/Headless-Chicken-Website-6.png\" style=\"object-position:50% 50%\" data-object-fit=\"cover\" data-object-position=\"50% 50%\" srcset=\"https:\/\/headlesschicken.pro\/wp-content\/uploads\/2024\/10\/Headless-Chicken-Website-6.png 1878w, https:\/\/headlesschicken.pro\/wp-content\/uploads\/2024\/10\/Headless-Chicken-Website-6-300x169.png 300w, https:\/\/headlesschicken.pro\/wp-content\/uploads\/2024\/10\/Headless-Chicken-Website-6-1024x576.png 1024w, https:\/\/headlesschicken.pro\/wp-content\/uploads\/2024\/10\/Headless-Chicken-Website-6-768x432.png 768w, https:\/\/headlesschicken.pro\/wp-content\/uploads\/2024\/10\/Headless-Chicken-Website-6-1536x864.png 1536w\" sizes=\"(max-width: 1878px) 100vw, 1878px\" \/><div class=\"wp-block-cover__inner-container has-global-padding is-layout-constrained wp-container-core-cover-is-layout-1 wp-block-cover-is-layout-constrained\">\n<div class=\"wp-block-columns is-layout-flex wp-container-core-columns-is-layout-1 wp-block-columns-is-layout-flex\">\n<div class=\"wp-block-column is-layout-flow wp-block-column-is-layout-flow\">\n<p class=\"has-text-align-center has-x-large-font-size\">Die Geschichte des kopflosen Huhns.<\/p>\n\n\n\n<div style=\"height:18px\" aria-hidden=\"true\" class=\"wp-block-spacer\"><\/div>\n\n\n\n<p class=\"has-text-align-center has-text-color\" style=\"color:#ffffff;padding-top:0;padding-right:0;padding-bottom:0;padding-left:0;font-size:clamp(14px, 0.875rem + ((1vw - 3.2px) * 0.682), 20px);line-height:1.5\">Auf einem Bauernhof kaufte ein cleveres Huhn 10 Bitcoins, in der Hoffnung, die Zukunft seiner Familie zu sichern. Als Diebe versuchten, seinen Schatz zu stehlen, versteckte er die Bitcoins in einem Buch und sch\u00fctzte den Zugang mit einer geheimen Phrase hinter R\u00e4tseln.<\/p>\n\n\n\n<p class=\"has-text-align-center has-text-color\" style=\"color:#ffffff;font-size:clamp(14px, 0.875rem + ((1vw - 3.2px) * 0.682), 20px);line-height:1.5\">Von den Dieben gefangen und gek\u00f6pft, bleibt sein Kopf im Ledger gefangen, w\u00e4hrend seine Familie es bewacht, wobei jedes Mitglied einen Teil des R\u00e4tsels besitzt. K\u00fcrzlich hat Chicken Daddy um Hilfe gebeten und bietet jedem, der das R\u00e4tsel l\u00f6sen kann, die Bitcoins an. Die Legende des \"kopflosen Huhns\" lebt weiter und l\u00e4dt alle ein, sich der Suche anzuschlie\u00dfen.<\/p>\n<\/div>\n\n\n\n<div class=\"wp-block-column is-vertically-aligned-bottom is-layout-flow wp-block-column-is-layout-flow\">\n<figure class=\"wp-block-image aligncenter size-full is-resized\"><img loading=\"lazy\" decoding=\"async\" width=\"1563\" height=\"1563\" src=\"https:\/\/headlesschicken.pro\/wp-content\/uploads\/2024\/11\/Roadmap-website-.png\" alt=\"\" class=\"wp-image-1230\" style=\"object-fit:cover;width:400px;height:400px\" srcset=\"https:\/\/headlesschicken.pro\/wp-content\/uploads\/2024\/11\/Roadmap-website-.png 1563w, https:\/\/headlesschicken.pro\/wp-content\/uploads\/2024\/11\/Roadmap-website--300x300.png 300w, https:\/\/headlesschicken.pro\/wp-content\/uploads\/2024\/11\/Roadmap-website--1024x1024.png 1024w, https:\/\/headlesschicken.pro\/wp-content\/uploads\/2024\/11\/Roadmap-website--150x150.png 150w, https:\/\/headlesschicken.pro\/wp-content\/uploads\/2024\/11\/Roadmap-website--768x768.png 768w, https:\/\/headlesschicken.pro\/wp-content\/uploads\/2024\/11\/Roadmap-website--1536x1536.png 1536w\" sizes=\"(max-width: 1563px) 100vw, 1563px\" \/><\/figure>\n<\/div>\n<\/div>\n\n\n\n<div style=\"height:33px\" aria-hidden=\"true\" class=\"wp-block-spacer\"><\/div>\n\n\n\n<div class=\"wp-block-columns is-layout-flex wp-container-core-columns-is-layout-2 wp-block-columns-is-layout-flex\">\n<div class=\"wp-block-column is-vertically-aligned-center is-layout-flow wp-block-column-is-layout-flow\">\n<figure class=\"wp-block-image aligncenter size-large is-resized\"><img loading=\"lazy\" decoding=\"async\" width=\"1024\" height=\"1024\" src=\"https:\/\/headlesschicken.pro\/wp-content\/uploads\/2024\/11\/8-1024x1024.png\" alt=\"\" class=\"wp-image-1122\" style=\"aspect-ratio:1.4285714285714286;object-fit:cover;width:500px;height:auto\" srcset=\"https:\/\/headlesschicken.pro\/wp-content\/uploads\/2024\/11\/8-1024x1024.png 1024w, https:\/\/headlesschicken.pro\/wp-content\/uploads\/2024\/11\/8-300x300.png 300w, https:\/\/headlesschicken.pro\/wp-content\/uploads\/2024\/11\/8-150x150.png 150w, https:\/\/headlesschicken.pro\/wp-content\/uploads\/2024\/11\/8-768x768.png 768w, https:\/\/headlesschicken.pro\/wp-content\/uploads\/2024\/11\/8-1536x1536.png 1536w, https:\/\/headlesschicken.pro\/wp-content\/uploads\/2024\/11\/8.png 1563w\" sizes=\"(max-width: 1024px) 100vw, 1024px\" \/><figcaption class=\"wp-element-caption\"><mark style=\"background-color:rgba(0, 0, 0, 0)\" class=\"has-inline-color has-white-color\">Hilf unserer H\u00fchnerfamilie, den Kopf ihres Kindes zu finden.<\/mark><\/figcaption><\/figure>\n\n\n\n<div style=\"height:27px\" aria-hidden=\"true\" class=\"wp-block-spacer\"><\/div>\n<\/div>\n\n\n\n<div class=\"wp-block-column is-vertically-aligned-center is-layout-flow wp-block-column-is-layout-flow\" style=\"padding-top:0;padding-bottom:0\">\n<figure class=\"wp-block-image aligncenter size-full is-resized shadow-images\"><img loading=\"lazy\" decoding=\"async\" width=\"2146\" height=\"3036\" src=\"https:\/\/headlesschicken.pro\/wp-content\/uploads\/2024\/11\/Headless-Chicken-White-Paper-edited-1.png\" alt=\"\" class=\"wp-image-352\" style=\"aspect-ratio:1;object-fit:cover;width:433px;height:auto\" srcset=\"https:\/\/headlesschicken.pro\/wp-content\/uploads\/2024\/11\/Headless-Chicken-White-Paper-edited-1.png 2146w, https:\/\/headlesschicken.pro\/wp-content\/uploads\/2024\/11\/Headless-Chicken-White-Paper-edited-1-212x300.png 212w, https:\/\/headlesschicken.pro\/wp-content\/uploads\/2024\/11\/Headless-Chicken-White-Paper-edited-1-724x1024.png 724w, https:\/\/headlesschicken.pro\/wp-content\/uploads\/2024\/11\/Headless-Chicken-White-Paper-edited-1-768x1087.png 768w, https:\/\/headlesschicken.pro\/wp-content\/uploads\/2024\/11\/Headless-Chicken-White-Paper-edited-1-1086x1536.png 1086w, https:\/\/headlesschicken.pro\/wp-content\/uploads\/2024\/11\/Headless-Chicken-White-Paper-edited-1-1448x2048.png 1448w\" sizes=\"(max-width: 2146px) 100vw, 2146px\" \/><\/figure>\n<\/div>\n<\/div>\n<\/div><\/div>\n\n\n\n<div class=\"wp-block-cover alignfull\" style=\"margin-top:0;margin-bottom:0;padding-top:50px;padding-bottom:50px;min-height:157px;aspect-ratio:unset;\"><span aria-hidden=\"true\" class=\"wp-block-cover__background has-background-dim\" style=\"background-color:#422f01\"><\/span><img loading=\"lazy\" decoding=\"async\" width=\"2912\" height=\"1632\" class=\"wp-block-cover__image-background wp-image-248\" alt=\"\" src=\"https:\/\/headlesschicken.pro\/wp-content\/uploads\/2024\/11\/FINAL-ONE-2.png\" style=\"object-position:55% 56%\" data-object-fit=\"cover\" data-object-position=\"55% 56%\" srcset=\"https:\/\/headlesschicken.pro\/wp-content\/uploads\/2024\/11\/FINAL-ONE-2.png 2912w, https:\/\/headlesschicken.pro\/wp-content\/uploads\/2024\/11\/FINAL-ONE-2-300x168.png 300w, https:\/\/headlesschicken.pro\/wp-content\/uploads\/2024\/11\/FINAL-ONE-2-1024x574.png 1024w, https:\/\/headlesschicken.pro\/wp-content\/uploads\/2024\/11\/FINAL-ONE-2-768x430.png 768w, https:\/\/headlesschicken.pro\/wp-content\/uploads\/2024\/11\/FINAL-ONE-2-1536x861.png 1536w, https:\/\/headlesschicken.pro\/wp-content\/uploads\/2024\/11\/FINAL-ONE-2-2048x1148.png 2048w\" sizes=\"(max-width: 2912px) 100vw, 2912px\" \/><div class=\"wp-block-cover__inner-container has-global-padding is-layout-constrained wp-container-core-cover-is-layout-2 wp-block-cover-is-layout-constrained\">\n<div class=\"wp-block-columns alignfull are-vertically-aligned-center is-layout-flex wp-container-core-columns-is-layout-3 wp-block-columns-is-layout-flex\" style=\"margin-top:0px;margin-bottom:0px;padding-top:0px;padding-right:0px;padding-bottom:0px;padding-left:0px\">\n<div class=\"wp-block-column is-vertically-aligned-center is-layout-flow wp-block-column-is-layout-flow\" style=\"padding-right:0px;padding-left:0px;flex-basis:100%\">\n<p class=\"has-text-align-center has-text-color has-link-color has-large-font-size wp-elements-736797197f0daf67c0cddc1665ff1407\" style=\"color:#ffffff\">1st &amp; Biggest 100 % FREE Digital Treasure Hunt<\/p>\n<\/div>\n<\/div>\n<\/div><\/div>\n\n\n\n<div class=\"wp-block-cover alignfull is-light has-text-color\" style=\"color:#422f01;margin-top:0;margin-bottom:0;padding-top:47px;padding-bottom:113px\"><span aria-hidden=\"true\" class=\"wp-block-cover__background has-background-dim-0 has-background-dim\" style=\"background-color:#ffdf92\"><\/span><img loading=\"lazy\" decoding=\"async\" width=\"1878\" height=\"1056\" class=\"wp-block-cover__image-background wp-image-67\" alt=\"\" src=\"https:\/\/headlesschicken.pro\/wp-content\/uploads\/2024\/10\/Headless-Chicken-Website-8.png\" data-object-fit=\"cover\" srcset=\"https:\/\/headlesschicken.pro\/wp-content\/uploads\/2024\/10\/Headless-Chicken-Website-8.png 1878w, https:\/\/headlesschicken.pro\/wp-content\/uploads\/2024\/10\/Headless-Chicken-Website-8-300x169.png 300w, https:\/\/headlesschicken.pro\/wp-content\/uploads\/2024\/10\/Headless-Chicken-Website-8-1024x576.png 1024w, https:\/\/headlesschicken.pro\/wp-content\/uploads\/2024\/10\/Headless-Chicken-Website-8-768x432.png 768w, https:\/\/headlesschicken.pro\/wp-content\/uploads\/2024\/10\/Headless-Chicken-Website-8-1536x864.png 1536w\" sizes=\"(max-width: 1878px) 100vw, 1878px\" \/><div class=\"wp-block-cover__inner-container has-global-padding is-layout-constrained wp-container-core-cover-is-layout-3 wp-block-cover-is-layout-constrained\">\n<h1 class=\"wp-block-heading has-text-align-center\">Unser gemeinsames Ziel!<\/h1>\n\n\n\n<div class=\"wp-block-columns is-layout-flex wp-container-core-columns-is-layout-4 wp-block-columns-is-layout-flex\">\n<div class=\"wp-block-column is-layout-flow wp-block-column-is-layout-flow\">\n<figure class=\"wp-block-image size-large shadow-images\"><img loading=\"lazy\" decoding=\"async\" width=\"724\" height=\"1024\" src=\"https:\/\/headlesschicken.pro\/wp-content\/uploads\/2024\/11\/Headless-Chicken-White-Paper-2-2-724x1024.png\" alt=\"\" class=\"wp-image-722\" srcset=\"https:\/\/headlesschicken.pro\/wp-content\/uploads\/2024\/11\/Headless-Chicken-White-Paper-2-2-724x1024.png 724w, https:\/\/headlesschicken.pro\/wp-content\/uploads\/2024\/11\/Headless-Chicken-White-Paper-2-2-212x300.png 212w, https:\/\/headlesschicken.pro\/wp-content\/uploads\/2024\/11\/Headless-Chicken-White-Paper-2-2-768x1086.png 768w, https:\/\/headlesschicken.pro\/wp-content\/uploads\/2024\/11\/Headless-Chicken-White-Paper-2-2-1086x1536.png 1086w, https:\/\/headlesschicken.pro\/wp-content\/uploads\/2024\/11\/Headless-Chicken-White-Paper-2-2-1448x2048.png 1448w\" sizes=\"(max-width: 724px) 100vw, 724px\" \/><\/figure>\n<\/div>\n\n\n\n<div class=\"wp-block-column is-layout-flow wp-block-column-is-layout-flow\">\n<div style=\"height:100px\" aria-hidden=\"true\" class=\"wp-block-spacer\"><\/div>\n\n\n\n<h3 class=\"wp-block-heading has-text-align-left has-text-color has-link-color has-large-font-size wp-elements-2dc5f216647fbb05bf5bbb933156548d\" style=\"color:#422f01;margin-top:40px;margin-bottom:12px;font-style:normal;font-weight:700;line-height:1.5\">1. : Erreichen Sie gen\u00fcgend Mitglieder!<\/h3>\n\n\n\n<div style=\"height:15px\" aria-hidden=\"true\" class=\"wp-block-spacer\"><\/div>\n\n\n\n<p class=\"has-text-color has-link-color wp-elements-c967a4079a20cf95fa3b26f8557267b3\" style=\"color:#ffffff\">Die Quests, die unser H\u00fchnerkind hinterlassen hat, sind ziemlich komplex... Es braucht viele von uns, um sie zu l\u00f6sen! Schlie\u00dfe dich uns auf Discord an und teile es mit deinen Freunden, mit denen du versuchen m\u00f6chtest, die Quests zu l\u00f6sen!<\/p>\n\n\n\n<div style=\"height:64px\" aria-hidden=\"true\" class=\"wp-block-spacer\"><\/div>\n\n\n\n<h3 class=\"wp-block-heading has-large-font-size\">2. : L\u00f6sen Sie die Quests!<\/h3>\n\n\n\n<div style=\"height:32px\" aria-hidden=\"true\" class=\"wp-block-spacer\"><\/div>\n\n\n\n<p class=\"has-text-color has-link-color wp-elements-75d04bb4e0ca3be195bdfaefd47290e9\" style=\"color:#ffffff\">Jetzt, wo wir genug sind, k\u00f6nnen wir anfangen, die Aufgaben zu l\u00f6sen! Viel Gl\u00fcck f\u00fcr euch alle, wappnet euch mit Geduld, Logik und Nachdenken, und ihr werdet es sein, die den Schatz und den verlorenen Kopf unseres geliebten Sohnes findet.<\/p>\n\n\n\n<div style=\"height:64px\" aria-hidden=\"true\" class=\"wp-block-spacer\"><\/div>\n\n\n\n<p class=\"has-large-font-size\">3. : Finde den Kopf des kopflosen Huhns und seinen verlorenen Schatz!<\/p>\n\n\n\n<div style=\"height:24px\" aria-hidden=\"true\" class=\"wp-block-spacer\"><\/div>\n\n\n\n<p class=\"has-text-color has-link-color wp-elements-961ca1ee33692eb280dc97248589592f\" style=\"color:#ffffff\">Herzlichen Gl\u00fcckwunsch, Sie haben gewonnen <strong><mark style=\"background-color:rgba(0, 0, 0, 0);color:#422f01\" class=\"has-inline-color\">die 10% der gesamten $HLC-Versorgung <\/mark><mark style=\"background-color:rgba(0, 0, 0, 0)\" class=\"has-inline-color has-white-color\">f\u00fcr den Gewinner versprochen<\/mark><\/strong> ! Teilen Sie es mit Ihren Freunden und Familie, und bleiben Sie dran f\u00fcr andere Quests und mehr!<\/p>\n<\/div>\n<\/div>\n\n\n\n<div style=\"height:78px\" aria-hidden=\"true\" class=\"wp-block-spacer\"><\/div>\n\n\n\n<div class=\"wp-block-buttons is-content-justification-center is-layout-flex wp-container-core-buttons-is-layout-1 wp-block-buttons-is-layout-flex\">\n<div class=\"wp-block-button bouton-treasurehunt\"><a class=\"wp-block-button__link has-text-color has-background has-link-color has-text-align-center wp-element-button\" href=\"https:\/\/headlesschicken.pro\/de\/headless-chickens-treasure-hunt\/\" style=\"color:#ffffff;background-color:#422f01;padding-top:var(--wp--preset--spacing--30);padding-right:var(--wp--preset--spacing--50);padding-bottom:var(--wp--preset--spacing--30);padding-left:var(--wp--preset--spacing--50)\">Helfen Sie der Familie von Chicken!<\/a><\/div>\n<\/div>\n<\/div><\/div>","protected":false},"excerpt":{"rendered":"","protected":false},"author":1,"featured_media":0,"parent":0,"menu_order":0,"comment_status":"closed","ping_status":"closed","template":"","meta":{"footnotes":""},"class_list":["post-22","page","type-page","status-publish","hentry"],"_links":{"self":[{"href":"https:\/\/headlesschicken.pro\/de\/wp-json\/wp\/v2\/pages\/22"}],"collection":[{"href":"https:\/\/headlesschicken.pro\/de\/wp-json\/wp\/v2\/pages"}],"about":[{"href":"https:\/\/headlesschicken.pro\/de\/wp-json\/wp\/v2\/types\/page"}],"author":[{"embeddable":true,"href":"https:\/\/headlesschicken.pro\/de\/wp-json\/wp\/v2\/users\/1"}],"replies":[{"embeddable":true,"href":"https:\/\/headlesschicken.pro\/de\/wp-json\/wp\/v2\/comments?post=22"}],"version-history":[{"count":148,"href":"https:\/\/headlesschicken.pro\/de\/wp-json\/wp\/v2\/pages\/22\/revisions"}],"predecessor-version":[{"id":1994,"href":"https:\/\/headlesschicken.pro\/de\/wp-json\/wp\/v2\/pages\/22\/revisions\/1994"}],"wp:attachment":[{"href":"https:\/\/headlesschicken.pro\/de\/wp-json\/wp\/v2\/media?parent=22"}],"curies":[{"name":"wp","href":"https:\/\/api.w.org\/{rel}","templated":true}]}}