{"id":18,"date":"2024-10-31T09:36:15","date_gmt":"2024-10-31T09:36:15","guid":{"rendered":"https:\/\/headlesschicken.pro\/?page_id=18"},"modified":"2024-11-28T15:14:29","modified_gmt":"2024-11-28T15:14:29","slug":"cotcotnomics","status":"publish","type":"page","link":"https:\/\/headlesschicken.pro\/fr\/cotcotnomics\/","title":{"rendered":"Cotcotnomique"},"content":{"rendered":"<div class=\"wp-block-cover alignfull is-light has-text-color\" style=\"color:#422f01;margin-top:0;margin-bottom:0;padding-top:115px;padding-right:0;padding-bottom:0px;padding-left:0px;min-height:50px;aspect-ratio:unset;\"><span aria-hidden=\"true\" class=\"wp-block-cover__background has-background-dim-0 has-background-dim\" style=\"background-color:#ffdf92\"><\/span><img loading=\"lazy\" decoding=\"async\" width=\"1878\" height=\"1056\" class=\"wp-block-cover__image-background wp-image-69\" alt=\"\" src=\"https:\/\/headlesschicken.pro\/wp-content\/uploads\/2024\/10\/Headless-Chicken-Website-9.png\" data-object-fit=\"cover\" srcset=\"https:\/\/headlesschicken.pro\/wp-content\/uploads\/2024\/10\/Headless-Chicken-Website-9.png 1878w, https:\/\/headlesschicken.pro\/wp-content\/uploads\/2024\/10\/Headless-Chicken-Website-9-300x169.png 300w, https:\/\/headlesschicken.pro\/wp-content\/uploads\/2024\/10\/Headless-Chicken-Website-9-1024x576.png 1024w, https:\/\/headlesschicken.pro\/wp-content\/uploads\/2024\/10\/Headless-Chicken-Website-9-768x432.png 768w, https:\/\/headlesschicken.pro\/wp-content\/uploads\/2024\/10\/Headless-Chicken-Website-9-1536x864.png 1536w\" sizes=\"(max-width: 1878px) 100vw, 1878px\" \/><div class=\"wp-block-cover__inner-container has-global-padding is-layout-constrained wp-container-core-cover-is-layout-1 wp-block-cover-is-layout-constrained\">\n<p class=\"has-text-align-center has-x-large-font-size\"><mark style=\"background-color:rgba(0, 0, 0, 0)\" class=\"has-inline-color has-white-color\">Approvisionnement total :<\/mark> 13 000 000 000 000 HLC<\/p>\n\n\n\n<div style=\"height:43px\" aria-hidden=\"true\" class=\"wp-block-spacer\"><\/div>\n\n\n\n<div class=\"wp-block-columns is-layout-flex wp-container-core-columns-is-layout-1 wp-block-columns-is-layout-flex\">\n<div class=\"wp-block-column is-layout-flow wp-block-column-is-layout-flow\" style=\"flex-basis:33.33%\">\n<div style=\"height:238px\" aria-hidden=\"true\" class=\"wp-block-spacer\"><\/div>\n\n\n\n<figure class=\"wp-block-image aligncenter size-large shadow-images\"><img loading=\"lazy\" decoding=\"async\" width=\"724\" height=\"1024\" src=\"https:\/\/headlesschicken.pro\/wp-content\/uploads\/2024\/11\/Headless-Chicken-White-Paper-2-4-724x1024.png\" alt=\"\" class=\"wp-image-1011\" srcset=\"https:\/\/headlesschicken.pro\/wp-content\/uploads\/2024\/11\/Headless-Chicken-White-Paper-2-4-724x1024.png 724w, https:\/\/headlesschicken.pro\/wp-content\/uploads\/2024\/11\/Headless-Chicken-White-Paper-2-4-212x300.png 212w, https:\/\/headlesschicken.pro\/wp-content\/uploads\/2024\/11\/Headless-Chicken-White-Paper-2-4-768x1086.png 768w, https:\/\/headlesschicken.pro\/wp-content\/uploads\/2024\/11\/Headless-Chicken-White-Paper-2-4-1086x1536.png 1086w, https:\/\/headlesschicken.pro\/wp-content\/uploads\/2024\/11\/Headless-Chicken-White-Paper-2-4-1448x2048.png 1448w\" sizes=\"(max-width: 724px) 100vw, 724px\" \/><\/figure>\n<\/div>\n\n\n\n<div class=\"wp-block-column is-layout-flow wp-block-column-is-layout-flow\" style=\"flex-basis:66.66%\">\n<figure class=\"wp-block-image size-large\"><img loading=\"lazy\" decoding=\"async\" width=\"1024\" height=\"1024\" src=\"https:\/\/headlesschicken.pro\/wp-content\/uploads\/2024\/11\/CotCotNomics-Website-5-1024x1024.png\" alt=\"\" class=\"wp-image-1665\" srcset=\"https:\/\/headlesschicken.pro\/wp-content\/uploads\/2024\/11\/CotCotNomics-Website-5-1024x1024.png 1024w, https:\/\/headlesschicken.pro\/wp-content\/uploads\/2024\/11\/CotCotNomics-Website-5-300x300.png 300w, https:\/\/headlesschicken.pro\/wp-content\/uploads\/2024\/11\/CotCotNomics-Website-5-150x150.png 150w, https:\/\/headlesschicken.pro\/wp-content\/uploads\/2024\/11\/CotCotNomics-Website-5-768x768.png 768w, https:\/\/headlesschicken.pro\/wp-content\/uploads\/2024\/11\/CotCotNomics-Website-5-1536x1536.png 1536w, https:\/\/headlesschicken.pro\/wp-content\/uploads\/2024\/11\/CotCotNomics-Website-5-2048x2048.png 2048w, https:\/\/headlesschicken.pro\/wp-content\/uploads\/2024\/11\/CotCotNomics-Website-5-12x12.png 12w\" sizes=\"(max-width: 1024px) 100vw, 1024px\" \/><\/figure>\n<\/div>\n<\/div>\n<\/div><\/div>\n\n\n\n<div class=\"wp-block-cover alignfull\" style=\"margin-top:0;margin-bottom:0;padding-top:50px;padding-bottom:50px;min-height:157px;aspect-ratio:unset;\"><span aria-hidden=\"true\" class=\"wp-block-cover__background has-background-dim\" style=\"background-color:#422f01\"><\/span><img loading=\"lazy\" decoding=\"async\" width=\"2912\" height=\"1632\" class=\"wp-block-cover__image-background wp-image-248\" alt=\"\" src=\"https:\/\/headlesschicken.pro\/wp-content\/uploads\/2024\/11\/FINAL-ONE-2.png\" style=\"object-position:55% 56%\" data-object-fit=\"cover\" data-object-position=\"55% 56%\" srcset=\"https:\/\/headlesschicken.pro\/wp-content\/uploads\/2024\/11\/FINAL-ONE-2.png 2912w, https:\/\/headlesschicken.pro\/wp-content\/uploads\/2024\/11\/FINAL-ONE-2-300x168.png 300w, https:\/\/headlesschicken.pro\/wp-content\/uploads\/2024\/11\/FINAL-ONE-2-1024x574.png 1024w, https:\/\/headlesschicken.pro\/wp-content\/uploads\/2024\/11\/FINAL-ONE-2-768x430.png 768w, https:\/\/headlesschicken.pro\/wp-content\/uploads\/2024\/11\/FINAL-ONE-2-1536x861.png 1536w, https:\/\/headlesschicken.pro\/wp-content\/uploads\/2024\/11\/FINAL-ONE-2-2048x1148.png 2048w\" sizes=\"(max-width: 2912px) 100vw, 2912px\" \/><div class=\"wp-block-cover__inner-container has-global-padding is-layout-constrained wp-container-core-cover-is-layout-2 wp-block-cover-is-layout-constrained\">\n<div class=\"wp-block-columns alignfull are-vertically-aligned-center is-layout-flex wp-container-core-columns-is-layout-2 wp-block-columns-is-layout-flex\" style=\"margin-top:0px;margin-bottom:0px;padding-top:0px;padding-right:0px;padding-bottom:0px;padding-left:0px\">\n<div class=\"wp-block-column is-vertically-aligned-center is-layout-flow wp-block-column-is-layout-flow\" style=\"padding-right:0px;padding-left:0px;flex-basis:100%\">\n<p class=\"has-text-align-center has-text-color has-link-color has-large-font-size wp-elements-cc03b3e1a08013d0a7df7df8d7897bf7\" style=\"color:#ffffff\">1er et plus grand 100 % Chasse au tr\u00e9sor num\u00e9rique GRATUITE<br>Gagnez 10 % de l'offre totale de $HLC !<\/p>\n<\/div>\n<\/div>\n<\/div><\/div>\n\n\n\n<div class=\"wp-block-cover alignfull is-light has-text-color\" style=\"color:#422f01;margin-top:0;margin-bottom:0;padding-top:97px;padding-bottom:111px;min-height:540px;aspect-ratio:unset;\"><span aria-hidden=\"true\" class=\"wp-block-cover__background has-background-dim-0 has-background-dim\" style=\"background-color:#ffe9b4\"><\/span><img loading=\"lazy\" decoding=\"async\" width=\"1878\" height=\"1056\" class=\"wp-block-cover__image-background wp-image-70\" alt=\"\" src=\"https:\/\/headlesschicken.pro\/wp-content\/uploads\/2024\/10\/Headless-Chicken-Website-10.png\" data-object-fit=\"cover\" srcset=\"https:\/\/headlesschicken.pro\/wp-content\/uploads\/2024\/10\/Headless-Chicken-Website-10.png 1878w, https:\/\/headlesschicken.pro\/wp-content\/uploads\/2024\/10\/Headless-Chicken-Website-10-300x169.png 300w, https:\/\/headlesschicken.pro\/wp-content\/uploads\/2024\/10\/Headless-Chicken-Website-10-1024x576.png 1024w, https:\/\/headlesschicken.pro\/wp-content\/uploads\/2024\/10\/Headless-Chicken-Website-10-768x432.png 768w, https:\/\/headlesschicken.pro\/wp-content\/uploads\/2024\/10\/Headless-Chicken-Website-10-1536x864.png 1536w\" sizes=\"(max-width: 1878px) 100vw, 1878px\" \/><div class=\"wp-block-cover__inner-container has-global-padding is-layout-constrained wp-container-core-cover-is-layout-3 wp-block-cover-is-layout-constrained\">\n<div class=\"wp-block-columns is-layout-flex wp-container-core-columns-is-layout-3 wp-block-columns-is-layout-flex\">\n<div class=\"wp-block-column is-layout-flow wp-block-column-is-layout-flow\">\n<p class=\"has-text-align-center has-large-font-size\">Portefeuille bloqu\u00e9 Winner 10 %<\/p>\n\n\n\n<div style=\"height:25px\" aria-hidden=\"true\" class=\"wp-block-spacer\"><\/div>\n\n\n\n<p class=\"has-text-align-center has-text-color has-link-color has-medium-font-size wp-elements-d9dad2f96e443eaca8f10bb46e1f77c9\" style=\"color:#ffffff\">La partie de la r\u00e9serve bloqu\u00e9e sur la cl\u00e9 du Grand Livre pour l'heureux gagnant de la chasse au tr\u00e9sor. Il peut faire ce qu'il veut avec cette partie de la r\u00e9serve.<\/p>\n\n\n\n<div style=\"height:166px\" aria-hidden=\"true\" class=\"wp-block-spacer\"><\/div>\n\n\n\n<p class=\"has-text-align-center has-large-font-size\">\u00c9quipe et partenaires <\/p>\n\n\n\n<p class=\"has-text-align-center has-large-font-size\">20 %<\/p>\n\n\n\n<div style=\"height:25px\" aria-hidden=\"true\" class=\"wp-block-spacer\"><\/div>\n\n\n\n<p class=\"has-text-align-center has-text-color has-link-color has-medium-font-size wp-elements-a5e29abc08636afab953fc47b642623f\" style=\"color:#ffffff\">Nous gardons une partie de notre stock pour d'\u00e9ventuels futurs partenaires, qui pourraient nous aider \u00e0 faire conna\u00eetre le projet OU \u00e0 d\u00e9velopper de futurs projets.<\/p>\n<\/div>\n\n\n\n<div class=\"wp-block-column is-layout-flow wp-block-column-is-layout-flow\" style=\"flex-basis:200px\"><\/div>\n\n\n\n<div class=\"wp-block-column is-layout-flow wp-block-column-is-layout-flow\">\n<p class=\"has-text-align-center has-large-font-size\">R\u00e9compenses communautaires et lancement 50 %<\/p>\n\n\n\n<div style=\"height:25px\" aria-hidden=\"true\" class=\"wp-block-spacer\"><\/div>\n\n\n\n<p class=\"has-text-align-center has-text-color has-link-color has-medium-font-size wp-elements-3ad28c359f28cab78c04dae771d33e8e\" style=\"color:#ffffff\">Nous gardons la partie la plus importante de notre offre pour vous, notre communaut\u00e9, afin de vous r\u00e9compenser pour votre activit\u00e9 au sein de la communaut\u00e9 et de vous permettre de poss\u00e9der la partie la plus importante de l'offre d\u00e8s sa sortie.<\/p>\n\n\n\n<div style=\"height:100px\" aria-hidden=\"true\" class=\"wp-block-spacer\"><\/div>\n\n\n\n<p class=\"has-text-align-center has-large-font-size\">Co\u00fbts du projet et marketing 10 %<\/p>\n\n\n\n<div style=\"height:25px\" aria-hidden=\"true\" class=\"wp-block-spacer\"><\/div>\n\n\n\n<p class=\"has-text-align-center has-text-color has-link-color has-medium-font-size wp-elements-78230ed9c096553778aeee36372c477c\" style=\"color:#ffffff\">Nous comptons sur une partie de l'approvisionnement pour notre marketing \u00e0 l'int\u00e9rieur et \u00e0 l'ext\u00e9rieur de la cryptosph\u00e8re (vous savez que nous tenons \u00e0 faire conna\u00eetre les cryptomonnaies au public le plus large possible, \u00e0 vos parents par exemple).<\/p>\n<\/div>\n<\/div>\n\n\n\n<div class=\"wp-block-columns is-layout-flex wp-container-core-columns-is-layout-4 wp-block-columns-is-layout-flex\">\n<div class=\"wp-block-column is-layout-flow wp-block-column-is-layout-flow\"><\/div>\n\n\n\n<div class=\"wp-block-column is-layout-flow wp-block-column-is-layout-flow\">\n<div style=\"height:81px\" aria-hidden=\"true\" class=\"wp-block-spacer\"><\/div>\n\n\n\n<p class=\"has-text-align-center has-large-font-size\">R\u00e9serve de liquidit\u00e9 10 %<\/p>\n\n\n\n<div style=\"height:25px\" aria-hidden=\"true\" class=\"wp-block-spacer\"><\/div>\n\n\n\n<p class=\"has-text-align-center has-text-color has-link-color has-medium-font-size wp-elements-55e1fe0e33792a9e680f398e4e8e4581\" style=\"color:#ffffff\">Enfin, une section sera r\u00e9serv\u00e9e aux diff\u00e9rents CEX &amp; DEX qui coteront notre token dans le futur (tr\u00e8s bient\u00f4t).<\/p>\n<\/div>\n\n\n\n<div class=\"wp-block-column is-layout-flow wp-block-column-is-layout-flow\"><\/div>\n<\/div>\n<\/div><\/div>","protected":false},"excerpt":{"rendered":"","protected":false},"author":1,"featured_media":0,"parent":0,"menu_order":0,"comment_status":"closed","ping_status":"closed","template":"","meta":{"footnotes":""},"class_list":["post-18","page","type-page","status-publish","hentry"],"_links":{"self":[{"href":"https:\/\/headlesschicken.pro\/fr\/wp-json\/wp\/v2\/pages\/18"}],"collection":[{"href":"https:\/\/headlesschicken.pro\/fr\/wp-json\/wp\/v2\/pages"}],"about":[{"href":"https:\/\/headlesschicken.pro\/fr\/wp-json\/wp\/v2\/types\/page"}],"author":[{"embeddable":true,"href":"https:\/\/headlesschicken.pro\/fr\/wp-json\/wp\/v2\/users\/1"}],"replies":[{"embeddable":true,"href":"https:\/\/headlesschicken.pro\/fr\/wp-json\/wp\/v2\/comments?post=18"}],"version-history":[{"count":77,"href":"https:\/\/headlesschicken.pro\/fr\/wp-json\/wp\/v2\/pages\/18\/revisions"}],"predecessor-version":[{"id":1998,"href":"https:\/\/headlesschicken.pro\/fr\/wp-json\/wp\/v2\/pages\/18\/revisions\/1998"}],"wp:attachment":[{"href":"https:\/\/headlesschicken.pro\/fr\/wp-json\/wp\/v2\/media?parent=18"}],"curies":[{"name":"wp","href":"https:\/\/api.w.org\/{rel}","templated":true}]}}