{"id":267,"date":"2024-11-01T10:28:30","date_gmt":"2024-11-01T10:28:30","guid":{"rendered":"https:\/\/headlesschicken.pro\/?page_id=267"},"modified":"2025-01-14T12:16:47","modified_gmt":"2025-01-14T12:16:47","slug":"headless-chickens-treasure-hunt","status":"publish","type":"page","link":"https:\/\/headlesschicken.pro\/it\/headless-chickens-treasure-hunt\/","title":{"rendered":"Caccia al tesoro"},"content":{"rendered":"<div class=\"wp-block-cover alignfull is-light\" style=\"margin-bottom:0;padding-top:0%;min-height:1017px;aspect-ratio:unset;\"><span aria-hidden=\"true\" class=\"wp-block-cover__background has-background-dim-0 has-background-dim\" style=\"background-color:#fd961a\"><\/span><img loading=\"lazy\" decoding=\"async\" width=\"1878\" height=\"1056\" class=\"wp-block-cover__image-background wp-image-276\" alt=\"\" src=\"https:\/\/headlesschicken.pro\/wp-content\/uploads\/2024\/11\/Headless-Chicken-Website.png\" data-object-fit=\"cover\" srcset=\"https:\/\/headlesschicken.pro\/wp-content\/uploads\/2024\/11\/Headless-Chicken-Website.png 1878w, https:\/\/headlesschicken.pro\/wp-content\/uploads\/2024\/11\/Headless-Chicken-Website-300x169.png 300w, https:\/\/headlesschicken.pro\/wp-content\/uploads\/2024\/11\/Headless-Chicken-Website-1024x576.png 1024w, https:\/\/headlesschicken.pro\/wp-content\/uploads\/2024\/11\/Headless-Chicken-Website-768x432.png 768w, https:\/\/headlesschicken.pro\/wp-content\/uploads\/2024\/11\/Headless-Chicken-Website-1536x864.png 1536w\" sizes=\"(max-width: 1878px) 100vw, 1878px\" \/><div class=\"wp-block-cover__inner-container has-global-padding is-layout-constrained wp-container-core-cover-is-layout-1 wp-block-cover-is-layout-constrained\">\n<div id=\"bandeau-anim\">\n  <div class=\"texte\">\n    \ud83d\udea8 La prima e pi\u00f9 grande caccia al tesoro digitale gratuita \u00e8 ora LIVE! - Unisciti al nostro Discord per scambiare idee con la comunit\u00e0. - Visita i nostri altri social media dove ti aggiorneremo il pi\u00f9 possibile. \ud83d\udea8\n  <\/div>\n<\/div>\n\n\n\n<div class=\"wp-block-group alignwide is-vertical is-content-justification-center is-layout-flex wp-container-core-group-is-layout-3 wp-block-group-is-layout-flex\" style=\"min-height:35rem;padding-top:var(--wp--preset--spacing--60)\">\n<div class=\"wp-block-group has-global-padding is-layout-constrained wp-container-core-group-is-layout-2 wp-block-group-is-layout-constrained\">\n<div style=\"height:103px\" aria-hidden=\"true\" class=\"wp-block-spacer\"><\/div>\n\n\n\n<h3 class=\"wp-block-heading has-text-align-center has-text-color\" style=\"color:#422f01;margin-bottom:1rem;font-size:clamp(2.587rem, 2.587rem + ((1vw - 0.2rem) * 4.205), 4.9rem);font-style:normal;font-weight:400;line-height:1;text-transform:none\">La quarta missione \u00e8 in corso!<\/h3>\n\n\n\n<figure class=\"wp-block-image size-large\"><img loading=\"lazy\" decoding=\"async\" width=\"1024\" height=\"576\" src=\"https:\/\/headlesschicken.pro\/wp-content\/uploads\/2025\/01\/4TH-QUEST-1024x576.jpg\" alt=\"\" class=\"wp-image-2121\" srcset=\"https:\/\/headlesschicken.pro\/wp-content\/uploads\/2025\/01\/4TH-QUEST-1024x576.jpg 1024w, https:\/\/headlesschicken.pro\/wp-content\/uploads\/2025\/01\/4TH-QUEST-300x169.jpg 300w, https:\/\/headlesschicken.pro\/wp-content\/uploads\/2025\/01\/4TH-QUEST-768x432.jpg 768w, https:\/\/headlesschicken.pro\/wp-content\/uploads\/2025\/01\/4TH-QUEST-1536x864.jpg 1536w, https:\/\/headlesschicken.pro\/wp-content\/uploads\/2025\/01\/4TH-QUEST-2048x1152.jpg 2048w, https:\/\/headlesschicken.pro\/wp-content\/uploads\/2025\/01\/4TH-QUEST-18x10.jpg 18w\" sizes=\"(max-width: 1024px) 100vw, 1024px\" \/><\/figure>\n\n\n\n<div style=\"height:13px\" aria-hidden=\"true\" class=\"wp-block-spacer\"><\/div>\n\n\n\n<h3 class=\"wp-block-heading has-text-align-center has-text-color\" style=\"color:#422f01;margin-bottom:1rem;font-size:clamp(2.587rem, 2.587rem + ((1vw - 0.2rem) * 4.205), 4.9rem);font-style:normal;font-weight:400;line-height:1;text-transform:none\">La terza missione \u00e8 in corso!<\/h3>\n\n\n\n<figure class=\"wp-block-image size-large\"><img loading=\"lazy\" decoding=\"async\" width=\"1024\" height=\"576\" src=\"https:\/\/headlesschicken.pro\/wp-content\/uploads\/2025\/01\/7-\u2705-1024x576.jpg\" alt=\"\" class=\"wp-image-2119\" srcset=\"https:\/\/headlesschicken.pro\/wp-content\/uploads\/2025\/01\/7-\u2705-1024x576.jpg 1024w, https:\/\/headlesschicken.pro\/wp-content\/uploads\/2025\/01\/7-\u2705-300x169.jpg 300w, https:\/\/headlesschicken.pro\/wp-content\/uploads\/2025\/01\/7-\u2705-768x432.jpg 768w, https:\/\/headlesschicken.pro\/wp-content\/uploads\/2025\/01\/7-\u2705-1536x864.jpg 1536w, https:\/\/headlesschicken.pro\/wp-content\/uploads\/2025\/01\/7-\u2705-2048x1152.jpg 2048w, https:\/\/headlesschicken.pro\/wp-content\/uploads\/2025\/01\/7-\u2705-18x10.jpg 18w\" sizes=\"(max-width: 1024px) 100vw, 1024px\" \/><\/figure>\n\n\n\n<div style=\"height:13px\" aria-hidden=\"true\" class=\"wp-block-spacer\"><\/div>\n\n\n\n<h3 class=\"wp-block-heading has-text-align-center has-text-color\" style=\"color:#422f01;margin-bottom:1rem;font-size:clamp(2.587rem, 2.587rem + ((1vw - 0.2rem) * 4.205), 4.9rem);font-style:normal;font-weight:400;line-height:1;text-transform:none\">La seconda missione \u00e8 in corso!<\/h3>\n\n\n\n<figure class=\"wp-block-image size-large\"><img loading=\"lazy\" decoding=\"async\" width=\"1024\" height=\"576\" src=\"https:\/\/headlesschicken.pro\/wp-content\/uploads\/2024\/12\/2nd-quest-1024x576.jpg\" alt=\"\" class=\"wp-image-2110\" srcset=\"https:\/\/headlesschicken.pro\/wp-content\/uploads\/2024\/12\/2nd-quest-1024x576.jpg 1024w, https:\/\/headlesschicken.pro\/wp-content\/uploads\/2024\/12\/2nd-quest-300x169.jpg 300w, https:\/\/headlesschicken.pro\/wp-content\/uploads\/2024\/12\/2nd-quest-768x432.jpg 768w, https:\/\/headlesschicken.pro\/wp-content\/uploads\/2024\/12\/2nd-quest-1536x864.jpg 1536w, https:\/\/headlesschicken.pro\/wp-content\/uploads\/2024\/12\/2nd-quest-2048x1152.jpg 2048w, https:\/\/headlesschicken.pro\/wp-content\/uploads\/2024\/12\/2nd-quest-18x10.jpg 18w\" sizes=\"(max-width: 1024px) 100vw, 1024px\" \/><\/figure>\n\n\n\n<div style=\"height:13px\" aria-hidden=\"true\" class=\"wp-block-spacer\"><\/div>\n\n\n\n<h3 class=\"wp-block-heading has-text-align-center has-text-color\" style=\"color:#422f01;margin-bottom:1rem;font-size:clamp(2.587rem, 2.587rem + ((1vw - 0.2rem) * 4.205), 4.9rem);font-style:normal;font-weight:400;line-height:1;text-transform:none\">La prima missione \u00e8 in corso!<\/h3>\n\n\n\n<figure class=\"wp-block-image size-large\"><img loading=\"lazy\" decoding=\"async\" width=\"1024\" height=\"576\" src=\"https:\/\/headlesschicken.pro\/wp-content\/uploads\/2024\/12\/1st-quest-1024x576.png\" alt=\"\" class=\"wp-image-2101\" srcset=\"https:\/\/headlesschicken.pro\/wp-content\/uploads\/2024\/12\/1st-quest-1024x576.png 1024w, https:\/\/headlesschicken.pro\/wp-content\/uploads\/2024\/12\/1st-quest-300x169.png 300w, https:\/\/headlesschicken.pro\/wp-content\/uploads\/2024\/12\/1st-quest-768x432.png 768w, https:\/\/headlesschicken.pro\/wp-content\/uploads\/2024\/12\/1st-quest-1536x864.png 1536w, https:\/\/headlesschicken.pro\/wp-content\/uploads\/2024\/12\/1st-quest-2048x1152.png 2048w, https:\/\/headlesschicken.pro\/wp-content\/uploads\/2024\/12\/1st-quest-18x10.png 18w\" sizes=\"(max-width: 1024px) 100vw, 1024px\" \/><\/figure>\n\n\n\n<div style=\"height:32px\" aria-hidden=\"true\" class=\"wp-block-spacer\"><\/div>\n\n\n\n<p class=\"has-text-align-center has-text-color has-link-color wp-elements-c741d2b3f38ea3cecadc0f2717d84408\" style=\"color:#ffffff;font-size:clamp(0.875rem, 0.875rem + ((1vw - 0.2rem) * 0.591), 1.2rem);\"><mark style=\"background-color:rgba(0, 0, 0, 0);color:#422f01\" class=\"has-inline-color\">Indirizzo chiave del libro mastro: 6BQnBdvf4NurMUvhmyR2rBRWhK4uv5egU3KmpBRhcg63<\/mark><\/p>\n\n\n\n<p class=\"has-text-align-center\"><mark style=\"background-color:rgba(0, 0, 0, 0)\" class=\"has-inline-color has-white-color\">Unisciti al discord per una migliore esperienza di caccia!<\/mark><\/p>\n\n\n\n<div class=\"wp-block-group has-global-padding is-content-justification-center is-layout-constrained wp-container-core-group-is-layout-1 wp-block-group-is-layout-constrained\" style=\"margin-top:30px\">\n<div style=\"height:22px\" aria-hidden=\"true\" class=\"wp-block-spacer\"><\/div>\n\n\n\n<div class=\"wp-block-buttons is-horizontal is-content-justification-center is-layout-flex wp-container-core-buttons-is-layout-1 wp-block-buttons-is-layout-flex\" style=\"margin-top:0.21rem\">\n<div class=\"wp-block-button has-custom-width wp-block-button__width-100 has-custom-font-size is-style-fill bouton-reseauxsociaux\" style=\"font-size:clamp(0.875rem, 0.875rem + ((1vw - 0.2rem) * 0.227), 1rem);font-style:normal;font-weight:500;line-height:1;text-transform:capitalize\"><a class=\"wp-block-button__link has-text-color has-background has-text-align-center wp-element-button\" href=\"https:\/\/discord.gg\/ujbTSWSqQq\" style=\"border-style:none;border-width:0px;border-radius:2.5rem;color:#ffffff;background-color:#422f01;padding-top:var(--wp--preset--spacing--40);padding-right:0;padding-bottom:var(--wp--preset--spacing--40);padding-left:0\" target=\"_blank\" rel=\"noopener noreferrer\">La nostra discordia<\/a><\/div>\n<\/div>\n<\/div>\n\n\n\n<div class=\"wp-block-columns is-layout-flex wp-container-core-columns-is-layout-1 wp-block-columns-is-layout-flex\" style=\"padding-bottom:0\">\n<div class=\"wp-block-column is-layout-flow wp-block-column-is-layout-flow\">\n<figure class=\"wp-block-image size-large is-resized shadow-images\"><img loading=\"lazy\" decoding=\"async\" width=\"724\" height=\"1024\" src=\"https:\/\/headlesschicken.pro\/wp-content\/uploads\/2024\/11\/Headless-Chicken-White-Paper-1-3-724x1024.png\" alt=\"\" class=\"wp-image-852\" style=\"width:341px;height:auto\" srcset=\"https:\/\/headlesschicken.pro\/wp-content\/uploads\/2024\/11\/Headless-Chicken-White-Paper-1-3-724x1024.png 724w, https:\/\/headlesschicken.pro\/wp-content\/uploads\/2024\/11\/Headless-Chicken-White-Paper-1-3-212x300.png 212w, https:\/\/headlesschicken.pro\/wp-content\/uploads\/2024\/11\/Headless-Chicken-White-Paper-1-3-768x1086.png 768w, https:\/\/headlesschicken.pro\/wp-content\/uploads\/2024\/11\/Headless-Chicken-White-Paper-1-3-1086x1536.png 1086w, https:\/\/headlesschicken.pro\/wp-content\/uploads\/2024\/11\/Headless-Chicken-White-Paper-1-3-1448x2048.png 1448w\" sizes=\"(max-width: 724px) 100vw, 724px\" \/><\/figure>\n<\/div>\n\n\n\n<div class=\"wp-block-column is-layout-flow wp-block-column-is-layout-flow\">\n<figure class=\"wp-block-image size-large is-resized shadow-images\"><img loading=\"lazy\" decoding=\"async\" width=\"1024\" height=\"1024\" src=\"https:\/\/headlesschicken.pro\/wp-content\/uploads\/2024\/11\/13-1024x1024.png\" alt=\"\" class=\"wp-image-1126\" style=\"object-fit:cover;width:500px;height:500px\" srcset=\"https:\/\/headlesschicken.pro\/wp-content\/uploads\/2024\/11\/13-1024x1024.png 1024w, https:\/\/headlesschicken.pro\/wp-content\/uploads\/2024\/11\/13-300x300.png 300w, https:\/\/headlesschicken.pro\/wp-content\/uploads\/2024\/11\/13-150x150.png 150w, https:\/\/headlesschicken.pro\/wp-content\/uploads\/2024\/11\/13-768x768.png 768w, https:\/\/headlesschicken.pro\/wp-content\/uploads\/2024\/11\/13-1536x1536.png 1536w, https:\/\/headlesschicken.pro\/wp-content\/uploads\/2024\/11\/13.png 1563w\" sizes=\"(max-width: 1024px) 100vw, 1024px\" \/><\/figure>\n<\/div>\n<\/div>\n<\/div>\n<\/div>\n<\/div><\/div>","protected":false},"excerpt":{"rendered":"","protected":false},"author":1,"featured_media":0,"parent":0,"menu_order":0,"comment_status":"closed","ping_status":"closed","template":"","meta":{"footnotes":""},"class_list":["post-267","page","type-page","status-publish","hentry"],"_links":{"self":[{"href":"https:\/\/headlesschicken.pro\/it\/wp-json\/wp\/v2\/pages\/267"}],"collection":[{"href":"https:\/\/headlesschicken.pro\/it\/wp-json\/wp\/v2\/pages"}],"about":[{"href":"https:\/\/headlesschicken.pro\/it\/wp-json\/wp\/v2\/types\/page"}],"author":[{"embeddable":true,"href":"https:\/\/headlesschicken.pro\/it\/wp-json\/wp\/v2\/users\/1"}],"replies":[{"embeddable":true,"href":"https:\/\/headlesschicken.pro\/it\/wp-json\/wp\/v2\/comments?post=267"}],"version-history":[{"count":74,"href":"https:\/\/headlesschicken.pro\/it\/wp-json\/wp\/v2\/pages\/267\/revisions"}],"predecessor-version":[{"id":2123,"href":"https:\/\/headlesschicken.pro\/it\/wp-json\/wp\/v2\/pages\/267\/revisions\/2123"}],"wp:attachment":[{"href":"https:\/\/headlesschicken.pro\/it\/wp-json\/wp\/v2\/media?parent=267"}],"curies":[{"name":"wp","href":"https:\/\/api.w.org\/{rel}","templated":true}]}}