{"id":24,"date":"2024-10-31T09:37:02","date_gmt":"2024-10-31T09:37:02","guid":{"rendered":"https:\/\/headlesschicken.pro\/?page_id=24"},"modified":"2024-11-28T12:16:59","modified_gmt":"2024-11-28T12:16:59","slug":"how-to-buy","status":"publish","type":"page","link":"https:\/\/headlesschicken.pro\/pt\/how-to-buy\/","title":{"rendered":"Como comprar"},"content":{"rendered":"<div class=\"wp-block-cover alignfull is-light\" style=\"margin-bottom:0;padding-top:0%;min-height:1017px;aspect-ratio:unset;\"><span aria-hidden=\"true\" class=\"wp-block-cover__background has-background-dim-0 has-background-dim\" style=\"background-color:#fd961a\"><\/span><img loading=\"lazy\" decoding=\"async\" width=\"1878\" height=\"1056\" class=\"wp-block-cover__image-background wp-image-276\" alt=\"\" src=\"https:\/\/headlesschicken.pro\/wp-content\/uploads\/2024\/11\/Headless-Chicken-Website.png\" data-object-fit=\"cover\" srcset=\"https:\/\/headlesschicken.pro\/wp-content\/uploads\/2024\/11\/Headless-Chicken-Website.png 1878w, https:\/\/headlesschicken.pro\/wp-content\/uploads\/2024\/11\/Headless-Chicken-Website-300x169.png 300w, https:\/\/headlesschicken.pro\/wp-content\/uploads\/2024\/11\/Headless-Chicken-Website-1024x576.png 1024w, https:\/\/headlesschicken.pro\/wp-content\/uploads\/2024\/11\/Headless-Chicken-Website-768x432.png 768w, https:\/\/headlesschicken.pro\/wp-content\/uploads\/2024\/11\/Headless-Chicken-Website-1536x864.png 1536w\" sizes=\"(max-width: 1878px) 100vw, 1878px\" \/><div class=\"wp-block-cover__inner-container has-global-padding is-layout-constrained wp-container-core-cover-is-layout-1 wp-block-cover-is-layout-constrained\">\n<div class=\"wp-block-group alignwide is-vertical is-content-justification-center is-layout-flex wp-container-core-group-is-layout-3 wp-block-group-is-layout-flex\" style=\"min-height:35rem;padding-top:var(--wp--preset--spacing--60)\">\n<div class=\"wp-block-group has-global-padding is-layout-constrained wp-container-core-group-is-layout-2 wp-block-group-is-layout-constrained\">\n<h3 class=\"wp-block-heading has-text-align-center has-text-color\" style=\"color:#422f01;margin-bottom:1rem;font-size:clamp(2.587rem, 2.587rem + ((1vw - 0.2rem) * 4.205), 4.9rem);font-style:normal;font-weight:400;line-height:1;text-transform:none\">Em breve!<\/h3>\n\n\n\n<p class=\"has-text-align-center has-text-color has-link-color wp-elements-5a9c52daaf622809ab7e5feea57bb83e\" style=\"color:#ffffff;font-size:clamp(0.875rem, 0.875rem + ((1vw - 0.2rem) * 0.591), 1.2rem);\">Espere at\u00e9 listarmos nosso token... Mam\u00e3e \u00e9 <mark style=\"background-color:rgba(0, 0, 0, 0);color:#422f01\" class=\"has-inline-color\">cozimento.<\/mark><\/p>\n\n\n\n<figure class=\"wp-block-image aligncenter size-thumbnail bouton-reseauxsociaux shadow-images\"><a href=\"https:\/\/solscan.io\/token\/C8bLxjb6SghEWRntSpkcmrN3H76zonABYcR5AWEjSHL3\" target=\"_blank\" rel=\"noreferrer noopener\"><img loading=\"lazy\" decoding=\"async\" width=\"150\" height=\"150\" src=\"https:\/\/headlesschicken.pro\/wp-content\/uploads\/2024\/11\/solscan-150x150.png\" alt=\"\" class=\"wp-image-1971\" style=\"aspect-ratio:1;object-fit:cover\" srcset=\"https:\/\/headlesschicken.pro\/wp-content\/uploads\/2024\/11\/solscan-150x150.png 150w, https:\/\/headlesschicken.pro\/wp-content\/uploads\/2024\/11\/solscan-300x300.png 300w, https:\/\/headlesschicken.pro\/wp-content\/uploads\/2024\/11\/solscan-12x12.png 12w, https:\/\/headlesschicken.pro\/wp-content\/uploads\/2024\/11\/solscan.png 315w\" sizes=\"(max-width: 150px) 100vw, 150px\" \/><\/a><\/figure>\n\n\n\n<div class=\"wp-block-group has-global-padding is-content-justification-center is-layout-constrained wp-container-core-group-is-layout-1 wp-block-group-is-layout-constrained\" style=\"margin-top:30px\">\n<div style=\"height:22px\" aria-hidden=\"true\" class=\"wp-block-spacer\"><\/div>\n\n\n\n<div class=\"wp-block-buttons is-horizontal is-content-justification-center is-layout-flex wp-container-core-buttons-is-layout-1 wp-block-buttons-is-layout-flex\" style=\"margin-top:0.21rem\">\n<div class=\"wp-block-button has-custom-width wp-block-button__width-100 has-custom-font-size is-style-fill bouton-reseauxsociaux\" style=\"font-size:clamp(0.875rem, 0.875rem + ((1vw - 0.2rem) * 0.227), 1rem);font-style:normal;font-weight:500;line-height:1;text-transform:capitalize\"><a class=\"wp-block-button__link has-text-color has-background has-text-align-center wp-element-button\" href=\"https:\/\/discord.gg\/ujbTSWSqQq\" style=\"border-style:none;border-width:0px;border-radius:2.5rem;color:#ffffff;background-color:#422f01;padding-top:var(--wp--preset--spacing--40);padding-right:0;padding-bottom:var(--wp--preset--spacing--40);padding-left:0\" target=\"_blank\" rel=\"noopener noreferrer\">Nossa disc\u00f3rdia<\/a><\/div>\n<\/div>\n<\/div>\n\n\n\n<div class=\"wp-block-columns is-layout-flex wp-container-core-columns-is-layout-1 wp-block-columns-is-layout-flex\" style=\"padding-bottom:0\">\n<div class=\"wp-block-column is-layout-flow wp-block-column-is-layout-flow\">\n<figure class=\"wp-block-image size-large is-resized shadow-images\"><img loading=\"lazy\" decoding=\"async\" width=\"724\" height=\"1024\" src=\"https:\/\/headlesschicken.pro\/wp-content\/uploads\/2024\/11\/Headless-Chicken-White-Paper-3-1-724x1024.png\" alt=\"\" class=\"wp-image-1055\" style=\"width:341px;height:auto\" srcset=\"https:\/\/headlesschicken.pro\/wp-content\/uploads\/2024\/11\/Headless-Chicken-White-Paper-3-1-724x1024.png 724w, https:\/\/headlesschicken.pro\/wp-content\/uploads\/2024\/11\/Headless-Chicken-White-Paper-3-1-212x300.png 212w, https:\/\/headlesschicken.pro\/wp-content\/uploads\/2024\/11\/Headless-Chicken-White-Paper-3-1-768x1086.png 768w, https:\/\/headlesschicken.pro\/wp-content\/uploads\/2024\/11\/Headless-Chicken-White-Paper-3-1-1086x1536.png 1086w, https:\/\/headlesschicken.pro\/wp-content\/uploads\/2024\/11\/Headless-Chicken-White-Paper-3-1-1448x2048.png 1448w\" sizes=\"(max-width: 724px) 100vw, 724px\" \/><\/figure>\n<\/div>\n\n\n\n<div class=\"wp-block-column is-layout-flow wp-block-column-is-layout-flow\">\n<figure class=\"wp-block-image size-full is-resized\"><img loading=\"lazy\" decoding=\"async\" width=\"1563\" height=\"1563\" src=\"https:\/\/headlesschicken.pro\/wp-content\/uploads\/2024\/11\/Be-Patient-.png\" alt=\"\" class=\"wp-image-851\" style=\"aspect-ratio:1;object-fit:cover;width:400px\" srcset=\"https:\/\/headlesschicken.pro\/wp-content\/uploads\/2024\/11\/Be-Patient-.png 1563w, https:\/\/headlesschicken.pro\/wp-content\/uploads\/2024\/11\/Be-Patient--300x300.png 300w, https:\/\/headlesschicken.pro\/wp-content\/uploads\/2024\/11\/Be-Patient--1024x1024.png 1024w, https:\/\/headlesschicken.pro\/wp-content\/uploads\/2024\/11\/Be-Patient--150x150.png 150w, https:\/\/headlesschicken.pro\/wp-content\/uploads\/2024\/11\/Be-Patient--768x768.png 768w, https:\/\/headlesschicken.pro\/wp-content\/uploads\/2024\/11\/Be-Patient--1536x1536.png 1536w\" sizes=\"(max-width: 1563px) 100vw, 1563px\" \/><\/figure>\n<\/div>\n<\/div>\n<\/div>\n<\/div>\n<\/div><\/div>","protected":false},"excerpt":{"rendered":"","protected":false},"author":1,"featured_media":0,"parent":0,"menu_order":0,"comment_status":"closed","ping_status":"closed","template":"","meta":{"footnotes":""},"class_list":["post-24","page","type-page","status-publish","hentry"],"_links":{"self":[{"href":"https:\/\/headlesschicken.pro\/pt\/wp-json\/wp\/v2\/pages\/24"}],"collection":[{"href":"https:\/\/headlesschicken.pro\/pt\/wp-json\/wp\/v2\/pages"}],"about":[{"href":"https:\/\/headlesschicken.pro\/pt\/wp-json\/wp\/v2\/types\/page"}],"author":[{"embeddable":true,"href":"https:\/\/headlesschicken.pro\/pt\/wp-json\/wp\/v2\/users\/1"}],"replies":[{"embeddable":true,"href":"https:\/\/headlesschicken.pro\/pt\/wp-json\/wp\/v2\/comments?post=24"}],"version-history":[{"count":22,"href":"https:\/\/headlesschicken.pro\/pt\/wp-json\/wp\/v2\/pages\/24\/revisions"}],"predecessor-version":[{"id":1980,"href":"https:\/\/headlesschicken.pro\/pt\/wp-json\/wp\/v2\/pages\/24\/revisions\/1980"}],"wp:attachment":[{"href":"https:\/\/headlesschicken.pro\/pt\/wp-json\/wp\/v2\/media?parent=24"}],"curies":[{"name":"wp","href":"https:\/\/api.w.org\/{rel}","templated":true}]}}