{"id":22,"date":"2024-10-31T09:36:54","date_gmt":"2024-10-31T09:36:54","guid":{"rendered":"https:\/\/headlesschicken.pro\/?page_id=22"},"modified":"2024-11-28T15:11:58","modified_gmt":"2024-11-28T15:11:58","slug":"history","status":"publish","type":"page","link":"https:\/\/headlesschicken.pro\/tr\/history\/","title":{"rendered":"Tarih"},"content":{"rendered":"<div class=\"wp-block-cover alignfull is-light has-text-color\" style=\"color:#422f01;margin-top:0;margin-bottom:0;padding-top:120px;padding-right:0;padding-bottom:0px;padding-left:0;min-height:50px;aspect-ratio:unset;\"><span aria-hidden=\"true\" class=\"wp-block-cover__background has-background-dim-0 has-background-dim\" style=\"background-color:#ffdf92\"><\/span><img loading=\"lazy\" decoding=\"async\" width=\"1878\" height=\"1056\" class=\"wp-block-cover__image-background wp-image-65\" alt=\"\" src=\"https:\/\/headlesschicken.pro\/wp-content\/uploads\/2024\/10\/Headless-Chicken-Website-6.png\" style=\"object-position:50% 50%\" data-object-fit=\"cover\" data-object-position=\"50% 50%\" srcset=\"https:\/\/headlesschicken.pro\/wp-content\/uploads\/2024\/10\/Headless-Chicken-Website-6.png 1878w, https:\/\/headlesschicken.pro\/wp-content\/uploads\/2024\/10\/Headless-Chicken-Website-6-300x169.png 300w, https:\/\/headlesschicken.pro\/wp-content\/uploads\/2024\/10\/Headless-Chicken-Website-6-1024x576.png 1024w, https:\/\/headlesschicken.pro\/wp-content\/uploads\/2024\/10\/Headless-Chicken-Website-6-768x432.png 768w, https:\/\/headlesschicken.pro\/wp-content\/uploads\/2024\/10\/Headless-Chicken-Website-6-1536x864.png 1536w\" sizes=\"(max-width: 1878px) 100vw, 1878px\" \/><div class=\"wp-block-cover__inner-container has-global-padding is-layout-constrained wp-container-core-cover-is-layout-1 wp-block-cover-is-layout-constrained\">\n<div class=\"wp-block-columns is-layout-flex wp-container-core-columns-is-layout-1 wp-block-columns-is-layout-flex\">\n<div class=\"wp-block-column is-layout-flow wp-block-column-is-layout-flow\">\n<p class=\"has-text-align-center has-x-large-font-size\">Ba\u015fs\u0131z Tavuk'un Tarihi..<\/p>\n\n\n\n<div style=\"height:18px\" aria-hidden=\"true\" class=\"wp-block-spacer\"><\/div>\n\n\n\n<p class=\"has-text-align-center has-text-color\" style=\"color:#ffffff;padding-top:0;padding-right:0;padding-bottom:0;padding-left:0;font-size:clamp(14px, 0.875rem + ((1vw - 3.2px) * 0.682), 20px);line-height:1.5\">Bir \u00e7iftlikte, zeki bir tavuk ailesinin gelece\u011fini g\u00fcvence alt\u0131na almak umuduyla 10 bitcoin sat\u0131n ald\u0131. H\u0131rs\u0131zlar hazinesini \u00e7almaya \u00e7al\u0131\u015ft\u0131\u011f\u0131nda, bitcoinleri bir deftere saklad\u0131 ve eri\u015fimi bilmecelerin ard\u0131ndaki gizli bir ifadeyle korudu.<\/p>\n\n\n\n<p class=\"has-text-align-center has-text-color\" style=\"color:#ffffff;font-size:clamp(14px, 0.875rem + ((1vw - 3.2px) * 0.682), 20px);line-height:1.5\">H\u0131rs\u0131zlar taraf\u0131ndan yakalan\u0131p kafas\u0131 kesilen Tavuk Baba'n\u0131n kafas\u0131 defterin i\u00e7inde s\u0131k\u0131\u015f\u0131p kal\u0131rken, her bir \u00fcyesi bilmecenin bir par\u00e7as\u0131n\u0131 tutan ailesi de defteri koruyor. Son zamanlarda, Tavuk Baba yard\u0131m istedi ve gizemi \u00e7\u00f6zebilecek herkese bitcoinleri teklif etti. \"Ba\u015fs\u0131z Tavuk\" efsanesi devam ediyor ve herkesi aray\u0131\u015fa kat\u0131lmaya davet ediyor.<\/p>\n<\/div>\n\n\n\n<div class=\"wp-block-column is-vertically-aligned-bottom is-layout-flow wp-block-column-is-layout-flow\">\n<figure class=\"wp-block-image aligncenter size-full is-resized\"><img loading=\"lazy\" decoding=\"async\" width=\"1563\" height=\"1563\" src=\"https:\/\/headlesschicken.pro\/wp-content\/uploads\/2024\/11\/Roadmap-website-.png\" alt=\"\" class=\"wp-image-1230\" style=\"object-fit:cover;width:400px;height:400px\" srcset=\"https:\/\/headlesschicken.pro\/wp-content\/uploads\/2024\/11\/Roadmap-website-.png 1563w, https:\/\/headlesschicken.pro\/wp-content\/uploads\/2024\/11\/Roadmap-website--300x300.png 300w, https:\/\/headlesschicken.pro\/wp-content\/uploads\/2024\/11\/Roadmap-website--1024x1024.png 1024w, https:\/\/headlesschicken.pro\/wp-content\/uploads\/2024\/11\/Roadmap-website--150x150.png 150w, https:\/\/headlesschicken.pro\/wp-content\/uploads\/2024\/11\/Roadmap-website--768x768.png 768w, https:\/\/headlesschicken.pro\/wp-content\/uploads\/2024\/11\/Roadmap-website--1536x1536.png 1536w\" sizes=\"(max-width: 1563px) 100vw, 1563px\" \/><\/figure>\n<\/div>\n<\/div>\n\n\n\n<div style=\"height:33px\" aria-hidden=\"true\" class=\"wp-block-spacer\"><\/div>\n\n\n\n<div class=\"wp-block-columns is-layout-flex wp-container-core-columns-is-layout-2 wp-block-columns-is-layout-flex\">\n<div class=\"wp-block-column is-vertically-aligned-center is-layout-flow wp-block-column-is-layout-flow\">\n<figure class=\"wp-block-image aligncenter size-large is-resized\"><img loading=\"lazy\" decoding=\"async\" width=\"1024\" height=\"1024\" src=\"https:\/\/headlesschicken.pro\/wp-content\/uploads\/2024\/11\/8-1024x1024.png\" alt=\"\" class=\"wp-image-1122\" style=\"aspect-ratio:1.4285714285714286;object-fit:cover;width:500px;height:auto\" srcset=\"https:\/\/headlesschicken.pro\/wp-content\/uploads\/2024\/11\/8-1024x1024.png 1024w, https:\/\/headlesschicken.pro\/wp-content\/uploads\/2024\/11\/8-300x300.png 300w, https:\/\/headlesschicken.pro\/wp-content\/uploads\/2024\/11\/8-150x150.png 150w, https:\/\/headlesschicken.pro\/wp-content\/uploads\/2024\/11\/8-768x768.png 768w, https:\/\/headlesschicken.pro\/wp-content\/uploads\/2024\/11\/8-1536x1536.png 1536w, https:\/\/headlesschicken.pro\/wp-content\/uploads\/2024\/11\/8.png 1563w\" sizes=\"(max-width: 1024px) 100vw, 1024px\" \/><figcaption class=\"wp-element-caption\"><mark style=\"background-color:rgba(0, 0, 0, 0)\" class=\"has-inline-color has-white-color\">Tavuk ailemizin \u00e7ocuklar\u0131n\u0131n kafas\u0131n\u0131 bulmas\u0131na yard\u0131m edin...<\/mark><\/figcaption><\/figure>\n\n\n\n<div style=\"height:27px\" aria-hidden=\"true\" class=\"wp-block-spacer\"><\/div>\n<\/div>\n\n\n\n<div class=\"wp-block-column is-vertically-aligned-center is-layout-flow wp-block-column-is-layout-flow\" style=\"padding-top:0;padding-bottom:0\">\n<figure class=\"wp-block-image aligncenter size-full is-resized shadow-images\"><img loading=\"lazy\" decoding=\"async\" width=\"2146\" height=\"3036\" src=\"https:\/\/headlesschicken.pro\/wp-content\/uploads\/2024\/11\/Headless-Chicken-White-Paper-edited-1.png\" alt=\"\" class=\"wp-image-352\" style=\"aspect-ratio:1;object-fit:cover;width:433px;height:auto\" srcset=\"https:\/\/headlesschicken.pro\/wp-content\/uploads\/2024\/11\/Headless-Chicken-White-Paper-edited-1.png 2146w, https:\/\/headlesschicken.pro\/wp-content\/uploads\/2024\/11\/Headless-Chicken-White-Paper-edited-1-212x300.png 212w, https:\/\/headlesschicken.pro\/wp-content\/uploads\/2024\/11\/Headless-Chicken-White-Paper-edited-1-724x1024.png 724w, https:\/\/headlesschicken.pro\/wp-content\/uploads\/2024\/11\/Headless-Chicken-White-Paper-edited-1-768x1087.png 768w, https:\/\/headlesschicken.pro\/wp-content\/uploads\/2024\/11\/Headless-Chicken-White-Paper-edited-1-1086x1536.png 1086w, https:\/\/headlesschicken.pro\/wp-content\/uploads\/2024\/11\/Headless-Chicken-White-Paper-edited-1-1448x2048.png 1448w\" sizes=\"(max-width: 2146px) 100vw, 2146px\" \/><\/figure>\n<\/div>\n<\/div>\n<\/div><\/div>\n\n\n\n<div class=\"wp-block-cover alignfull\" style=\"margin-top:0;margin-bottom:0;padding-top:50px;padding-bottom:50px;min-height:157px;aspect-ratio:unset;\"><span aria-hidden=\"true\" class=\"wp-block-cover__background has-background-dim\" style=\"background-color:#422f01\"><\/span><img loading=\"lazy\" decoding=\"async\" width=\"2912\" height=\"1632\" class=\"wp-block-cover__image-background wp-image-248\" alt=\"\" src=\"https:\/\/headlesschicken.pro\/wp-content\/uploads\/2024\/11\/FINAL-ONE-2.png\" style=\"object-position:55% 56%\" data-object-fit=\"cover\" data-object-position=\"55% 56%\" srcset=\"https:\/\/headlesschicken.pro\/wp-content\/uploads\/2024\/11\/FINAL-ONE-2.png 2912w, https:\/\/headlesschicken.pro\/wp-content\/uploads\/2024\/11\/FINAL-ONE-2-300x168.png 300w, https:\/\/headlesschicken.pro\/wp-content\/uploads\/2024\/11\/FINAL-ONE-2-1024x574.png 1024w, https:\/\/headlesschicken.pro\/wp-content\/uploads\/2024\/11\/FINAL-ONE-2-768x430.png 768w, https:\/\/headlesschicken.pro\/wp-content\/uploads\/2024\/11\/FINAL-ONE-2-1536x861.png 1536w, https:\/\/headlesschicken.pro\/wp-content\/uploads\/2024\/11\/FINAL-ONE-2-2048x1148.png 2048w\" sizes=\"(max-width: 2912px) 100vw, 2912px\" \/><div class=\"wp-block-cover__inner-container has-global-padding is-layout-constrained wp-container-core-cover-is-layout-2 wp-block-cover-is-layout-constrained\">\n<div class=\"wp-block-columns alignfull are-vertically-aligned-center is-layout-flex wp-container-core-columns-is-layout-3 wp-block-columns-is-layout-flex\" style=\"margin-top:0px;margin-bottom:0px;padding-top:0px;padding-right:0px;padding-bottom:0px;padding-left:0px\">\n<div class=\"wp-block-column is-vertically-aligned-center is-layout-flow wp-block-column-is-layout-flow\" style=\"padding-right:0px;padding-left:0px;flex-basis:100%\">\n<p class=\"has-text-align-center has-text-color has-link-color has-large-font-size wp-elements-736797197f0daf67c0cddc1665ff1407\" style=\"color:#ffffff\">1. ve En B\u00fcy\u00fck 100 % \u00dcCRETS\u0130Z Dijital Hazine Av\u0131<\/p>\n<\/div>\n<\/div>\n<\/div><\/div>\n\n\n\n<div class=\"wp-block-cover alignfull is-light has-text-color\" style=\"color:#422f01;margin-top:0;margin-bottom:0;padding-top:47px;padding-bottom:113px\"><span aria-hidden=\"true\" class=\"wp-block-cover__background has-background-dim-0 has-background-dim\" style=\"background-color:#ffdf92\"><\/span><img loading=\"lazy\" decoding=\"async\" width=\"1878\" height=\"1056\" class=\"wp-block-cover__image-background wp-image-67\" alt=\"\" src=\"https:\/\/headlesschicken.pro\/wp-content\/uploads\/2024\/10\/Headless-Chicken-Website-8.png\" data-object-fit=\"cover\" srcset=\"https:\/\/headlesschicken.pro\/wp-content\/uploads\/2024\/10\/Headless-Chicken-Website-8.png 1878w, https:\/\/headlesschicken.pro\/wp-content\/uploads\/2024\/10\/Headless-Chicken-Website-8-300x169.png 300w, https:\/\/headlesschicken.pro\/wp-content\/uploads\/2024\/10\/Headless-Chicken-Website-8-1024x576.png 1024w, https:\/\/headlesschicken.pro\/wp-content\/uploads\/2024\/10\/Headless-Chicken-Website-8-768x432.png 768w, https:\/\/headlesschicken.pro\/wp-content\/uploads\/2024\/10\/Headless-Chicken-Website-8-1536x864.png 1536w\" sizes=\"(max-width: 1878px) 100vw, 1878px\" \/><div class=\"wp-block-cover__inner-container has-global-padding is-layout-constrained wp-container-core-cover-is-layout-3 wp-block-cover-is-layout-constrained\">\n<h1 class=\"wp-block-heading has-text-align-center\">Ortak Hedefimiz!<\/h1>\n\n\n\n<div class=\"wp-block-columns is-layout-flex wp-container-core-columns-is-layout-4 wp-block-columns-is-layout-flex\">\n<div class=\"wp-block-column is-layout-flow wp-block-column-is-layout-flow\">\n<figure class=\"wp-block-image size-large shadow-images\"><img loading=\"lazy\" decoding=\"async\" width=\"724\" height=\"1024\" src=\"https:\/\/headlesschicken.pro\/wp-content\/uploads\/2024\/11\/Headless-Chicken-White-Paper-2-2-724x1024.png\" alt=\"\" class=\"wp-image-722\" srcset=\"https:\/\/headlesschicken.pro\/wp-content\/uploads\/2024\/11\/Headless-Chicken-White-Paper-2-2-724x1024.png 724w, https:\/\/headlesschicken.pro\/wp-content\/uploads\/2024\/11\/Headless-Chicken-White-Paper-2-2-212x300.png 212w, https:\/\/headlesschicken.pro\/wp-content\/uploads\/2024\/11\/Headless-Chicken-White-Paper-2-2-768x1086.png 768w, https:\/\/headlesschicken.pro\/wp-content\/uploads\/2024\/11\/Headless-Chicken-White-Paper-2-2-1086x1536.png 1086w, https:\/\/headlesschicken.pro\/wp-content\/uploads\/2024\/11\/Headless-Chicken-White-Paper-2-2-1448x2048.png 1448w\" sizes=\"(max-width: 724px) 100vw, 724px\" \/><\/figure>\n<\/div>\n\n\n\n<div class=\"wp-block-column is-layout-flow wp-block-column-is-layout-flow\">\n<div style=\"height:100px\" aria-hidden=\"true\" class=\"wp-block-spacer\"><\/div>\n\n\n\n<h3 class=\"wp-block-heading has-text-align-left has-text-color has-link-color has-large-font-size wp-elements-2dc5f216647fbb05bf5bbb933156548d\" style=\"color:#422f01;margin-top:40px;margin-bottom:12px;font-style:normal;font-weight:700;line-height:1.5\">1: Yeterli say\u0131da \u00fcyeye ula\u015f\u0131n!<\/h3>\n\n\n\n<div style=\"height:15px\" aria-hidden=\"true\" class=\"wp-block-spacer\"><\/div>\n\n\n\n<p class=\"has-text-color has-link-color wp-elements-c967a4079a20cf95fa3b26f8557267b3\" style=\"color:#ffffff\">Tavuk \u00e7ocu\u011fumuzun b\u0131rakt\u0131\u011f\u0131 g\u00f6revler olduk\u00e7a karma\u015f\u0131k... Onlar\u0131 \u00e7\u00f6zmek i\u00e7in bir\u00e7o\u011fumuza ihtiya\u00e7 var! Discord'da bize kat\u0131l\u0131n ve g\u00f6revleri birlikte denemek ve \u00e7\u00f6zmek istedi\u011finiz arkada\u015flar\u0131n\u0131zla payla\u015f\u0131n!<\/p>\n\n\n\n<div style=\"height:64px\" aria-hidden=\"true\" class=\"wp-block-spacer\"><\/div>\n\n\n\n<h3 class=\"wp-block-heading has-large-font-size\">2. : G\u00f6revleri \u00c7\u00f6z\u00fcn!<\/h3>\n\n\n\n<div style=\"height:32px\" aria-hidden=\"true\" class=\"wp-block-spacer\"><\/div>\n\n\n\n<p class=\"has-text-color has-link-color wp-elements-75d04bb4e0ca3be195bdfaefd47290e9\" style=\"color:#ffffff\">Art\u0131k yeterli say\u0131da oldu\u011fumuza g\u00f6re, g\u00f6revleri \u00e7\u00f6zmeye ba\u015flayabiliriz! Hepinize iyi \u015fanslar, sab\u0131r, mant\u0131k ve d\u00fc\u015f\u00fcnme ile kendinizi silahland\u0131r\u0131n ve hazineyi ve sevgili o\u011flumuzun kay\u0131p kafas\u0131n\u0131 bulan siz olacaks\u0131n\u0131z.<\/p>\n\n\n\n<div style=\"height:64px\" aria-hidden=\"true\" class=\"wp-block-spacer\"><\/div>\n\n\n\n<p class=\"has-large-font-size\">3. : Ba\u015fs\u0131z Tavuk Kafas\u0131n\u0131 ve kay\u0131p hazinesini bulun!<\/p>\n\n\n\n<div style=\"height:24px\" aria-hidden=\"true\" class=\"wp-block-spacer\"><\/div>\n\n\n\n<p class=\"has-text-color has-link-color wp-elements-961ca1ee33692eb280dc97248589592f\" style=\"color:#ffffff\">Tebrikler. <strong><mark style=\"background-color:rgba(0, 0, 0, 0);color:#422f01\" class=\"has-inline-color\">toplam $HLC kayna\u011f\u0131n\u0131n 10%'si <\/mark><mark style=\"background-color:rgba(0, 0, 0, 0)\" class=\"has-inline-color has-white-color\">kazanan i\u00e7in s\u00f6z verildi<\/mark><\/strong> ! Arkada\u015flar\u0131n\u0131zla ve ailenizle payla\u015f\u0131n ve di\u011fer g\u00f6revler ve daha fazlas\u0131 i\u00e7in bizi izlemeye devam edin!<\/p>\n<\/div>\n<\/div>\n\n\n\n<div style=\"height:78px\" aria-hidden=\"true\" class=\"wp-block-spacer\"><\/div>\n\n\n\n<div class=\"wp-block-buttons is-content-justification-center is-layout-flex wp-container-core-buttons-is-layout-1 wp-block-buttons-is-layout-flex\">\n<div class=\"wp-block-button bouton-treasurehunt\"><a class=\"wp-block-button__link has-text-color has-background has-link-color has-text-align-center wp-element-button\" href=\"https:\/\/headlesschicken.pro\/tr\/headless-chickens-treasure-hunt\/\" style=\"color:#ffffff;background-color:#422f01;padding-top:var(--wp--preset--spacing--30);padding-right:var(--wp--preset--spacing--50);padding-bottom:var(--wp--preset--spacing--30);padding-left:var(--wp--preset--spacing--50)\">Chicken'\u0131n Ailesine Yard\u0131m Etmeye Ba\u015flay\u0131n!<\/a><\/div>\n<\/div>\n<\/div><\/div>","protected":false},"excerpt":{"rendered":"","protected":false},"author":1,"featured_media":0,"parent":0,"menu_order":0,"comment_status":"closed","ping_status":"closed","template":"","meta":{"footnotes":""},"class_list":["post-22","page","type-page","status-publish","hentry"],"_links":{"self":[{"href":"https:\/\/headlesschicken.pro\/tr\/wp-json\/wp\/v2\/pages\/22"}],"collection":[{"href":"https:\/\/headlesschicken.pro\/tr\/wp-json\/wp\/v2\/pages"}],"about":[{"href":"https:\/\/headlesschicken.pro\/tr\/wp-json\/wp\/v2\/types\/page"}],"author":[{"embeddable":true,"href":"https:\/\/headlesschicken.pro\/tr\/wp-json\/wp\/v2\/users\/1"}],"replies":[{"embeddable":true,"href":"https:\/\/headlesschicken.pro\/tr\/wp-json\/wp\/v2\/comments?post=22"}],"version-history":[{"count":148,"href":"https:\/\/headlesschicken.pro\/tr\/wp-json\/wp\/v2\/pages\/22\/revisions"}],"predecessor-version":[{"id":1994,"href":"https:\/\/headlesschicken.pro\/tr\/wp-json\/wp\/v2\/pages\/22\/revisions\/1994"}],"wp:attachment":[{"href":"https:\/\/headlesschicken.pro\/tr\/wp-json\/wp\/v2\/media?parent=22"}],"curies":[{"name":"wp","href":"https:\/\/api.w.org\/{rel}","templated":true}]}}